{"id":1259,"date":"2020-05-31T21:45:02","date_gmt":"2020-05-31T19:45:02","guid":{"rendered":"http:\/\/www.societadiminerva.it\/?page_id=1259"},"modified":"2021-01-20T10:18:47","modified_gmt":"2021-01-20T09:18:47","slug":"appunti-di-minerva","status":"publish","type":"page","link":"https:\/\/www.societadiminerva.it\/demo\/pubblicazioni\/appunti-di-minerva\/","title":{"rendered":"Appunti minervali"},"content":{"rendered":"<p>Approfondimenti tematici, scritti e pubblicazioni dei Soci della Minerva e\/o a cura della Societ\u00e0 stessa, liberamente consultabili.<\/p>\n<p>&nbsp;<\/p>\n<p><strong>ARCHITETTURA<\/strong><br \/>\n&#8211; Per ricordare la rilevanza e rendere omaggio a Demetrio Carciotti e al suo importante palazzo sulle rive di Trieste, una scheda a cura della minervale dott.ssa Diana Barillari &gt;&gt;\u00a0<strong><a href=\"https:\/\/www.societadiminerva.it\/demo\/wp-content\/uploads\/2020\/06\/Diana-Barillari-NEOCLASSICO-IN-RIVA-AL-MARE-STORIA-E-FORTUNA-DI-PALAZZO-CARCIOTTI-A-TRIESTE.pdf\">Diana Barillari &#8211; &#8220;Neoclassico in riva al mare &#8211; Storia e fortuna di Palazzo Carciotti a Trieste&#8221;<\/a><\/strong><\/p>\n<p>&nbsp;<\/p>\n<p><strong>STORIA<\/strong><br \/>\n&#8211; La Societ\u00e0 di Minerva rese omaggio a Winckelmann gi\u00e0 ai tempi di Domenico Rossetti, il suo fondatore. Nel 2018 \u00e8 stato organizzato a Trieste un convegno a lui dedicato e l&#8217;intervento della Presidente della Societa, Rossella Fabiani, \u00e8 disponibile &gt;&gt;\u00a0<strong><a href=\"https:\/\/www.societadiminerva.it\/demo\/wp-content\/uploads\/2020\/06\/Rossella-Fabiani-Dopo-Winckelmann-la-Societ\u00e0-di-Minerva.pdf\">Rossella Fabiani, &#8220;Dopo Winckelmann &#8211; la Societ\u00e0 di Minerva&#8221;<\/a><\/strong><\/p>\n<p>&nbsp;<\/p>\n<p><strong>STORIA\/ARTE<\/strong><br \/>\n&#8211; Il Duca Amedeo Di Savoia Aosta ha soggiornato presso il Castello di Miramare tra il 1930 e il 1937 e la Presidente della Societ\u00e0, la dott.ssa Rossella Fabiani, ha effettuato degli studi sulla sua residenza in citt\u00e0 &gt;&gt;\u00a0<strong><a href=\"https:\/\/www.societadiminerva.it\/demo\/wp-content\/uploads\/2020\/06\/Rossella-Fabiani-\u201cAffidato-a-provette-maestranze-locali\u201d-L\u2019arredo-negli-appartamenti-del-Duca-Amedeo-di-Savoia-Aosta-al-Castello-di-Miramare.pdf\">Rossella Fabiani &#8211; \u201cAffidato a provette maestranze locali\u201d L\u2019arredo negli appartamenti del Duca Amedeo di Savoia Aosta al Castello di Miramare<\/a><\/strong><\/p>\n","protected":false},"excerpt":{"rendered":"<p>Approfondimenti tematici, scritti e pubblicazioni dei Soci della Minerva e\/o a cura della Societ\u00e0 stessa, liberamente consultabili. &nbsp; ARCHITETTURA &#8211; Per ricordare la rilevanza e rendere omaggio a Demetrio Carciotti &hellip; <\/p>\n<p><a href=\"https:\/\/www.societadiminerva.it\/demo\/pubblicazioni\/appunti-di-minerva\/\" class=\"btn btn-readmore\">Leggi di pi\u00f9 <span class=\"screen-reader-text\"> &#8220;Appunti minervali&#8221;<\/span><\/a><\/p>\n","protected":false},"author":2,"featured_media":0,"parent":12,"menu_order":0,"comment_status":"closed","ping_status":"closed","template":"pages\/page-nosidebar.php","meta":{"footnotes":""},"class_list":["post-1259","page","type-page","status-publish","hentry"],"_links":{"self":[{"href":"https:\/\/www.societadiminerva.it\/demo\/wp-json\/wp\/v2\/pages\/1259","targetHints":{"allow":["GET"]}}],"collection":[{"href":"https:\/\/www.societadiminerva.it\/demo\/wp-json\/wp\/v2\/pages"}],"about":[{"href":"https:\/\/www.societadiminerva.it\/demo\/wp-json\/wp\/v2\/types\/page"}],"author":[{"embeddable":true,"href":"https:\/\/www.societadiminerva.it\/demo\/wp-json\/wp\/v2\/users\/2"}],"replies":[{"embeddable":true,"href":"https:\/\/www.societadiminerva.it\/demo\/wp-json\/wp\/v2\/comments?post=1259"}],"version-history":[{"count":20,"href":"https:\/\/www.societadiminerva.it\/demo\/wp-json\/wp\/v2\/pages\/1259\/revisions"}],"predecessor-version":[{"id":1418,"href":"https:\/\/www.societadiminerva.it\/demo\/wp-json\/wp\/v2\/pages\/1259\/revisions\/1418"}],"up":[{"embeddable":true,"href":"https:\/\/www.societadiminerva.it\/demo\/wp-json\/wp\/v2\/pages\/12"}],"wp:attachment":[{"href":"https:\/\/www.societadiminerva.it\/demo\/wp-json\/wp\/v2\/media?parent=1259"}],"curies":[{"name":"wp","href":"https:\/\/api.w.org\/{rel}","templated":true}]}}