{"id":1620,"date":"2021-05-06T09:17:57","date_gmt":"2021-05-06T07:17:57","guid":{"rendered":"https:\/\/www.societadiminerva.it\/demo\/?page_id=1620"},"modified":"2021-05-06T09:17:57","modified_gmt":"2021-05-06T07:17:57","slug":"dante-alla-minerva-guagnini","status":"publish","type":"page","link":"https:\/\/www.societadiminerva.it\/demo\/dante-700-il-mito-del-poeta-da-trieste-a-ravenna\/dante-alla-minerva-guagnini\/","title":{"rendered":"Dante alla Minerva."},"content":{"rendered":"<h2><strong>Elvio Guagnini<\/strong><\/h2>\n<p><strong>Vice presidente Societ\u00e0 di Minerva<br \/>\n<\/strong><strong>Professore emerito di Letteratura Italiana<br \/>\npresso l\u2019Universit\u00e0 degli Studi di Trieste<\/strong><\/p>\n<p>&nbsp;<\/p>\n<p><iframe loading=\"lazy\" title=\"[Dante 700] Elvio Guagnini - Dante alla Minerva.\" width=\"640\" height=\"360\" src=\"https:\/\/www.youtube.com\/embed\/0DdJ-fxxYo8?feature=oembed\" frameborder=\"0\" allow=\"accelerometer; autoplay; clipboard-write; encrypted-media; gyroscope; picture-in-picture; web-share\" referrerpolicy=\"strict-origin-when-cross-origin\" allowfullscreen><\/iframe><\/p>\n<p>&nbsp;<\/p>\n<p>Sin dagli inizi della sua attivit\u00e0, la Societ\u00e0 ha dedicato all\u2019opera di Dante iniziative e manifestazioni di genere diverso: letture di testi di &#8211; e su &#8211; Dante, commenti, illustrazioni, saggi. Alcuni dei quali, certamente, legati a Trieste e al suo territorio e, molti altri, di carattere generale. Anche recitazioni da parte di voci attoriali celebri, come Ermete Zacconi. Numerose sono le conferenze sulla <em>Commedia<\/em> e su singoli canti, sulle altre opere di Dante, sul contesto storico politico culturale e letterario, sul legame di Trieste e della regione Giulia con realt\u00e0, usi e leggende suggeriti dall\u2019opera del Sommo Poeta.<\/p>\n<p>&nbsp;<\/p>\n<p>La figura-mito di Dante, nella cultura triestina, \u00e8 stata oggetto di studi approfonditi ma anche occasione per riflessioni pi\u00f9 generali e auspici politici come nelle pagine del saggio su <em>Dante e la Venezia Giulia <\/em>di Baccio Ziliotto del 1948. Tanti sono quindi i personaggi di rilievo della vita culturale triestina, o studiosi invitati a Trieste, interessati al Sommo Poeta: da Antonio Racheli a Filippo Zamboni, Giovanni Morosini, Giuseppe Picci\u00f2la, Guido Mazzoni, Ferdinando Pasini, Dario De Tuoni e Salvatore Sabbadini.<\/p>\n<p>&nbsp;<\/p>\n","protected":false},"excerpt":{"rendered":"<p>Elvio Guagnini Vice presidente Societ\u00e0 di Minerva Professore emerito di Letteratura Italiana presso l\u2019Universit\u00e0 degli Studi di Trieste &nbsp; &nbsp; Sin dagli inizi della sua attivit\u00e0, la Societ\u00e0 ha dedicato &hellip; <\/p>\n<p><a href=\"https:\/\/www.societadiminerva.it\/demo\/dante-700-il-mito-del-poeta-da-trieste-a-ravenna\/dante-alla-minerva-guagnini\/\" class=\"btn btn-readmore\">Leggi di pi\u00f9 <span class=\"screen-reader-text\"> &#8220;Dante alla Minerva.&#8221;<\/span><\/a><\/p>\n","protected":false},"author":2,"featured_media":0,"parent":1540,"menu_order":0,"comment_status":"closed","ping_status":"closed","template":"pages\/page-nosidebar.php","meta":{"footnotes":""},"class_list":["post-1620","page","type-page","status-publish","hentry"],"_links":{"self":[{"href":"https:\/\/www.societadiminerva.it\/demo\/wp-json\/wp\/v2\/pages\/1620","targetHints":{"allow":["GET"]}}],"collection":[{"href":"https:\/\/www.societadiminerva.it\/demo\/wp-json\/wp\/v2\/pages"}],"about":[{"href":"https:\/\/www.societadiminerva.it\/demo\/wp-json\/wp\/v2\/types\/page"}],"author":[{"embeddable":true,"href":"https:\/\/www.societadiminerva.it\/demo\/wp-json\/wp\/v2\/users\/2"}],"replies":[{"embeddable":true,"href":"https:\/\/www.societadiminerva.it\/demo\/wp-json\/wp\/v2\/comments?post=1620"}],"version-history":[{"count":1,"href":"https:\/\/www.societadiminerva.it\/demo\/wp-json\/wp\/v2\/pages\/1620\/revisions"}],"predecessor-version":[{"id":1621,"href":"https:\/\/www.societadiminerva.it\/demo\/wp-json\/wp\/v2\/pages\/1620\/revisions\/1621"}],"up":[{"embeddable":true,"href":"https:\/\/www.societadiminerva.it\/demo\/wp-json\/wp\/v2\/pages\/1540"}],"wp:attachment":[{"href":"https:\/\/www.societadiminerva.it\/demo\/wp-json\/wp\/v2\/media?parent=1620"}],"curies":[{"name":"wp","href":"https:\/\/api.w.org\/{rel}","templated":true}]}}