{"id":362,"date":"2018-11-24T11:08:03","date_gmt":"2018-11-24T10:08:03","guid":{"rendered":"http:\/\/www.societadiminerva.it\/demo\/?page_id=362"},"modified":"2018-11-24T14:56:04","modified_gmt":"2018-11-24T13:56:04","slug":"alfieri-seri","status":"publish","type":"page","link":"https:\/\/www.societadiminerva.it\/demo\/alfieri-seri\/","title":{"rendered":"&#8211; Alfieri Seri"},"content":{"rendered":"<h4>Alfieri Seri<\/h4>\n<p>(Portole d\u2019Istria 1919 \u2013 Trieste 1988)<\/p>\n<p>Cultore di storia patria, giornalista, politico (Lista per Trieste), conferenziere &#8211; non solo per la Minerva &#8211; sui pi\u00f9 vari argomenti, fu anche poeta dialettale, pittore e scultore in legno. Minervale dal 1971, succedette ad Antonio Ciana come segretario nel 1974, curando da allora la redazione dei verbali delle riunioni settimanali. Durante la sua breve presidenza l\u2019 \u00abArcheografo Triestino\u00bb usc\u00ec con una nuova veste e mut\u00f2 periodicit\u00e0. Collaboratore del Piccolo e delle principali riviste culturali locali, cur\u00f2 e coordin\u00f2 varie pubblicazioni di carattere storico e divulgativo. Illustr\u00f2 itinerari sentimentali d\u2019altri tempi negli albi <em>Trieste romantica<\/em>(1972) ed<em>Istria romantica<\/em>(1977); lo sviluppo urbanistico dalla nascita dell\u2019emporio alla fine dell\u2019Ottocento in <em>Trieste nelle sue stampe<\/em>, avvalendosi della consulenza iconografica di Fiorello de Farolfi (1979); trasse dalle pagine della \u201cRivista mensile della Citt\u00e0 di Trieste\u201d una cronaca della trasformazione edilizia della cittr\u00e0 in <em>Trieste Anni Trenta<\/em>(1982). Con Sergio degli Ivanissevich pubblic\u00f2 cenni descrittivi e curiosit\u00e0 storiche su <em>S. Vito<\/em>, <em>gi\u00e0 Chiarbola Inferiore <\/em>(1980). Ultima sua fatica fu, nel 1987, il poderoso volume sulla Fabbrica macchine di Sant\u2019Andrea e la famiglia Strudthof<em>. <\/em><\/p>\n<p>&nbsp;<\/p>\n","protected":false},"excerpt":{"rendered":"<p>Alfieri Seri (Portole d\u2019Istria 1919 \u2013 Trieste 1988) Cultore di storia patria, giornalista, politico (Lista per Trieste), conferenziere &#8211; non solo per la Minerva &#8211; sui pi\u00f9 vari argomenti, fu &hellip; <\/p>\n<p><a href=\"https:\/\/www.societadiminerva.it\/demo\/alfieri-seri\/\" class=\"btn btn-readmore\">Leggi di pi\u00f9 <span class=\"screen-reader-text\"> &#8220;&#8211; Alfieri Seri&#8221;<\/span><\/a><\/p>\n","protected":false},"author":2,"featured_media":0,"parent":0,"menu_order":0,"comment_status":"closed","ping_status":"closed","template":"","meta":{"footnotes":""},"class_list":["post-362","page","type-page","status-publish","hentry"],"_links":{"self":[{"href":"https:\/\/www.societadiminerva.it\/demo\/wp-json\/wp\/v2\/pages\/362","targetHints":{"allow":["GET"]}}],"collection":[{"href":"https:\/\/www.societadiminerva.it\/demo\/wp-json\/wp\/v2\/pages"}],"about":[{"href":"https:\/\/www.societadiminerva.it\/demo\/wp-json\/wp\/v2\/types\/page"}],"author":[{"embeddable":true,"href":"https:\/\/www.societadiminerva.it\/demo\/wp-json\/wp\/v2\/users\/2"}],"replies":[{"embeddable":true,"href":"https:\/\/www.societadiminerva.it\/demo\/wp-json\/wp\/v2\/comments?post=362"}],"version-history":[{"count":4,"href":"https:\/\/www.societadiminerva.it\/demo\/wp-json\/wp\/v2\/pages\/362\/revisions"}],"predecessor-version":[{"id":452,"href":"https:\/\/www.societadiminerva.it\/demo\/wp-json\/wp\/v2\/pages\/362\/revisions\/452"}],"wp:attachment":[{"href":"https:\/\/www.societadiminerva.it\/demo\/wp-json\/wp\/v2\/media?parent=362"}],"curies":[{"name":"wp","href":"https:\/\/api.w.org\/{rel}","templated":true}]}}