{"id":366,"date":"2018-11-24T11:08:34","date_gmt":"2018-11-24T10:08:34","guid":{"rendered":"http:\/\/www.societadiminerva.it\/demo\/?page_id=366"},"modified":"2023-02-24T13:59:07","modified_gmt":"2023-02-24T12:59:07","slug":"rossella-fabiani","status":"publish","type":"page","link":"https:\/\/www.societadiminerva.it\/demo\/rossella-fabiani\/","title":{"rendered":"&#8211; Rossella Fabiani"},"content":{"rendered":"<h4>Rossella Fabiani<\/h4>\n<p>Dopo la laurea in Lettere e Filosofia a Trieste (relatore Decio Gioseffi), si \u00e8 specializzata in\u00a0storia dell\u2019arte moderna all\u2019Universit\u00e0 degli Studi di Parma (relatore Arturo Carlo Quintavalle).<br \/>\nDal 1980 storico dell\u2019arte presso la allora Soprintendenza per i beni storici artistici ed\u00a0etnoantropologici del Friuli Venezia Giulia ha progettato e diretto lavori di restauro alle opere\u00a0mobili danneggiate in occasione del terremoto del 1976 in Friuli.<br \/>\nDagli \u201980 ha diretto il museo storico del castello di Miramare, allora appartenente agli uffici\u00a0della Soprintendenza fino al settembre 2016, quando l\u2019intero comprensorio \u00e8 divenuto soggetto\u00a0autonomo alle dipendenze del Ministero per i beni e le attivit\u00e0 culturali. Ha operato quale\u00a0storico dell\u2019arte presso il Polo museale del Friuli Venezia Giulia ed \u00e8 stata responsabile, fra l\u2019altro del\u00a0fondo Pietro Nobile e del fondo Bruno Slocovich.\u00a0Dal 1999 al 2008 ha insegnato storia del restauro nel Corso di laurea in Conservazione dei\u00a0Beni Culturali presso l\u2019Universit\u00e0 degli Studi di Udine.\u00a0Tra i suoi scritti si segnalano quelli dedicati al neoclassico \u2013 in particolare la monografia\u00a0Pagine architettoniche. I disegni di Pietro Nobile dopo il restauro (1997) \u2013 e la monografia Il\u00a0Castello di Miramare. Itinerario nel Museo Storico (1989) nonch\u00e9 il catalogo scientifico dedicato\u00a0a Il Museo Storico del Castello di Miramare (2005). Ulteriori filoni di indagine sono testimoniate\u00a0da studi sull\u2019architettura e sul giardino nell\u2019Ottocento, oltrech\u00e9 da numerosi contributi sulla storia\u00a0della conservazione a Trieste e in Friuli.\u00a0Nel triennio 2016 \u2013 2018 \u00e8 stata tra i curatori delle mostre \u201c<em>Il Liberty e la rivoluzione delle\u00a0arti<\/em>\u201c e \u201c<em>Massimiliano e l\u2019esotismo. Arte orientale nel castello di Miramare<\/em>\u201d allestite a Miramare,\u00a0della esposizione \u201c<em>Maria Teresa e Trieste. Storia e culture della citt\u00e0 e del suo porto<\/em>\u201c allestita nel\u00a0Magazzino delle idee a Trieste e da ultimo \u201c<em>Massimiliano e Manet. Un incontro multimediale<\/em>\u201c\u00a0organizzata nelle scuderie di Miramare. Dal 2020 \u00e8 ispettore onorario del Ministero della cultura. Nel gennaio 2018 \u00e8 stata eletta presidente della Societ\u00e0 di\u00a0Minerva.<\/p>\n<p>&nbsp;<\/p>\n","protected":false},"excerpt":{"rendered":"<p>Rossella Fabiani Dopo la laurea in Lettere e Filosofia a Trieste (relatore Decio Gioseffi), si \u00e8 specializzata in\u00a0storia dell\u2019arte moderna all\u2019Universit\u00e0 degli Studi di Parma (relatore Arturo Carlo Quintavalle). Dal &hellip; <\/p>\n<p><a href=\"https:\/\/www.societadiminerva.it\/demo\/rossella-fabiani\/\" class=\"btn btn-readmore\">Leggi di pi\u00f9 <span class=\"screen-reader-text\"> &#8220;&#8211; Rossella Fabiani&#8221;<\/span><\/a><\/p>\n","protected":false},"author":2,"featured_media":0,"parent":0,"menu_order":0,"comment_status":"closed","ping_status":"closed","template":"","meta":{"footnotes":""},"class_list":["post-366","page","type-page","status-publish","hentry"],"_links":{"self":[{"href":"https:\/\/www.societadiminerva.it\/demo\/wp-json\/wp\/v2\/pages\/366","targetHints":{"allow":["GET"]}}],"collection":[{"href":"https:\/\/www.societadiminerva.it\/demo\/wp-json\/wp\/v2\/pages"}],"about":[{"href":"https:\/\/www.societadiminerva.it\/demo\/wp-json\/wp\/v2\/types\/page"}],"author":[{"embeddable":true,"href":"https:\/\/www.societadiminerva.it\/demo\/wp-json\/wp\/v2\/users\/2"}],"replies":[{"embeddable":true,"href":"https:\/\/www.societadiminerva.it\/demo\/wp-json\/wp\/v2\/comments?post=366"}],"version-history":[{"count":10,"href":"https:\/\/www.societadiminerva.it\/demo\/wp-json\/wp\/v2\/pages\/366\/revisions"}],"predecessor-version":[{"id":2098,"href":"https:\/\/www.societadiminerva.it\/demo\/wp-json\/wp\/v2\/pages\/366\/revisions\/2098"}],"wp:attachment":[{"href":"https:\/\/www.societadiminerva.it\/demo\/wp-json\/wp\/v2\/media?parent=366"}],"curies":[{"name":"wp","href":"https:\/\/api.w.org\/{rel}","templated":true}]}}